{"id":359,"date":"2020-10-06T13:14:26","date_gmt":"2020-10-06T13:14:26","guid":{"rendered":"http:\/\/www.oroconsulting.it\/contatti\/"},"modified":"2021-02-10T11:00:40","modified_gmt":"2021-02-10T11:00:40","slug":"contatti","status":"publish","type":"page","link":"https:\/\/www.oroconsulting.it\/fr\/contatti\/","title":{"rendered":"Contacts"},"content":{"rendered":"<div role=\"form\" class=\"wpcf7\" id=\"wpcf7-f360-o1\" lang=\"it-IT\" dir=\"ltr\">\n<div class=\"screen-reader-response\"><p role=\"status\" aria-live=\"polite\" aria-atomic=\"true\"><\/p> <ul><\/ul><\/div>\n<form action=\"\/fr\/wp-json\/wp\/v2\/pages\/359#wpcf7-f360-o1\" method=\"post\" class=\"wpcf7-form init\" novalidate=\"novalidate\" data-status=\"init\">\n<div style=\"display: none;\">\n<input type=\"hidden\" name=\"_wpcf7\" value=\"360\" \/>\n<input type=\"hidden\" name=\"_wpcf7_version\" value=\"5.3.2\" \/>\n<input type=\"hidden\" name=\"_wpcf7_locale\" value=\"it_IT\" \/>\n<input type=\"hidden\" name=\"_wpcf7_unit_tag\" value=\"wpcf7-f360-o1\" \/>\n<input type=\"hidden\" name=\"_wpcf7_container_post\" value=\"0\" \/>\n<input type=\"hidden\" name=\"_wpcf7_posted_data_hash\" value=\"\" \/>\n<\/div>\n<div class=\"form-row\">\n<div class=\"form-group col\">\n                          <label for=\"inputNome4\">Nom<\/label><br \/>\n<span class=\"wpcf7-form-control-wrap your-name\"><input type=\"text\" name=\"your-name\" value=\"\" size=\"40\" class=\"wpcf7-form-control wpcf7-text wpcf7-validates-as-required form-control\" id=\"inputNome\" aria-required=\"true\" aria-invalid=\"false\" \/><\/span>\n                        <\/div>\n<div class=\"form-group col\">\n                          <label for=\"inputCognome4\">Pr\u00e9nom<\/label><br \/>\n<span class=\"wpcf7-form-control-wrap Cognome\"><input type=\"text\" name=\"Cognome\" value=\"\" size=\"40\" class=\"wpcf7-form-control wpcf7-text wpcf7-validates-as-required form-control\" id=\"inputCognome\" aria-required=\"true\" aria-invalid=\"false\" \/><\/span>\n                        <\/div>\n<\/p><\/div>\n<div class=\"form-row\">\n<div class=\"form-group col\">\n                          <label for=\"inputEmail4\">Email<\/label><br \/>\n<span class=\"wpcf7-form-control-wrap your-email\"><input type=\"email\" name=\"your-email\" value=\"\" size=\"40\" class=\"wpcf7-form-control wpcf7-text wpcf7-email wpcf7-validates-as-required wpcf7-validates-as-email form-control\" id=\"inputEmail\" aria-required=\"true\" aria-invalid=\"false\" \/><\/span>\n                        <\/div>\n<div class=\"form-group col\">\n                          <label for=\"inputTelefono4\">T\u00e9l\u00e9phone<\/label><br \/>\n<span class=\"wpcf7-form-control-wrap Telefono\"><input type=\"text\" name=\"Telefono\" value=\"\" size=\"40\" class=\"wpcf7-form-control wpcf7-text wpcf7-validates-as-required form-control\" id=\"inputTelefono\" aria-required=\"true\" aria-invalid=\"false\" \/><\/span>\n                        <\/div>\n<\/p><\/div>\n<div class=\"form-group\">\n                        <label for=\"exampleFormControlTextarea1\">Message<\/label><br \/>\n<span class=\"wpcf7-form-control-wrap Messaggio\"><textarea name=\"Messaggio\" cols=\"40\" rows=\"10\" class=\"wpcf7-form-control wpcf7-textarea form-control\" id=\"inputMessaggio\" aria-invalid=\"false\"><\/textarea><\/span><\/p>\n<p class=\"txtprivacy\">Conform\u00e9ment au r\u00e8glement UE no. 679\/2016 sur la vie priv\u00e9e, OroConsulting Srl utilisera  les donn\u00e9es personnelles fournies uniquement pour envoyer des annonces et  nouvelles relatives aux activit\u00e9s et informations de l'entreprise . Vous pouvez demander une annulation \u00e0 tout moment en envoyant un e-mail ou en cliquant sur \u00abse d\u00e9sinscrire\u00bb en bas de la newsletter.<\/p>\n<\/p><\/div>\n<div class=\"form-group nomar\">\n<div class=\"form-check\">\n                          <label class=\"form-check-label\" for=\"gridCheck\"><span class=\"wpcf7-form-control-wrap acceptance-0\"><span class=\"wpcf7-form-control wpcf7-acceptance\"><span class=\"wpcf7-list-item\"><input type=\"checkbox\" name=\"acceptance-0\" value=\"1\" aria-invalid=\"false\" class=\"form-check-input\" id=\"gridCheck\" \/><\/span><\/span><\/span> J'ai lu la <a href=\"\/privacy-policy\/\" target=\"_blank\">Privacy Policy<\/a><\/label>\n                        <\/div>\n<\/p><\/div>\n<div class=\"text-right\"><input type=\"submit\" value=\"Envoyer\" class=\"wpcf7-form-control wpcf7-submit btn btn-primary\" \/><\/div>\n<div class=\"wpcf7-response-output\" aria-hidden=\"true\"><\/div><\/form><\/div>\n","protected":false},"excerpt":{"rendered":"","protected":false},"author":1,"featured_media":0,"parent":0,"menu_order":0,"comment_status":"closed","ping_status":"closed","template":"","meta":[],"yoast_head":"<!-- This site is optimized with the Yoast SEO plugin v15.6.2 - https:\/\/yoast.com\/wordpress\/plugins\/seo\/ -->\r\n<meta name=\"robots\" content=\"index, follow, max-snippet:-1, max-image-preview:large, max-video-preview:-1\" \/>\r\n<link rel=\"canonical\" href=\"http:\/\/www.oroconsulting.it\/fr\/contatti\/\" \/>\r\n<meta property=\"og:locale\" content=\"fr_FR\" \/>\r\n<meta property=\"og:type\" content=\"article\" \/>\r\n<meta property=\"og:title\" content=\"OroConsulting - Contacts\" \/>\r\n<meta property=\"og:url\" content=\"http:\/\/www.oroconsulting.it\/fr\/contatti\/\" \/>\r\n<meta property=\"og:site_name\" content=\"OroConsulting\" \/>\r\n<meta property=\"article:modified_time\" content=\"2021-02-10T11:00:40+00:00\" \/>\r\n<meta name=\"twitter:card\" content=\"summary_large_image\" \/>\r\n<meta name=\"twitter:label1\" content=\"Dur\u00e9e de lecture est.\">\n\t<meta name=\"twitter:data1\" content=\"1 minute\">\r\n<script type=\"application\/ld+json\" class=\"yoast-schema-graph\">{\"@context\":\"https:\/\/schema.org\",\"@graph\":[{\"@type\":\"WebSite\",\"@id\":\"https:\/\/www.oroconsulting.it\/#website\",\"url\":\"https:\/\/www.oroconsulting.it\/\",\"name\":\"OroConsulting\",\"description\":\"FASHION SOFTWARE\",\"potentialAction\":[{\"@type\":\"SearchAction\",\"target\":\"https:\/\/www.oroconsulting.it\/?s={search_term_string}\",\"query-input\":\"required name=search_term_string\"}],\"inLanguage\":\"fr-FR\"},{\"@type\":\"WebPage\",\"@id\":\"http:\/\/www.oroconsulting.it\/fr\/contatti\/#webpage\",\"url\":\"http:\/\/www.oroconsulting.it\/fr\/contatti\/\",\"name\":\"OroConsulting - Contacts\",\"isPartOf\":{\"@id\":\"https:\/\/www.oroconsulting.it\/#website\"},\"datePublished\":\"2020-10-06T13:14:26+00:00\",\"dateModified\":\"2021-02-10T11:00:40+00:00\",\"inLanguage\":\"fr-FR\",\"potentialAction\":[{\"@type\":\"ReadAction\",\"target\":[\"http:\/\/www.oroconsulting.it\/fr\/contatti\/\"]}]}]}<\/script>\r\n<!-- \/ Yoast SEO plugin. -->","_links":{"self":[{"href":"https:\/\/www.oroconsulting.it\/fr\/wp-json\/wp\/v2\/pages\/359"}],"collection":[{"href":"https:\/\/www.oroconsulting.it\/fr\/wp-json\/wp\/v2\/pages"}],"about":[{"href":"https:\/\/www.oroconsulting.it\/fr\/wp-json\/wp\/v2\/types\/page"}],"author":[{"embeddable":true,"href":"https:\/\/www.oroconsulting.it\/fr\/wp-json\/wp\/v2\/users\/1"}],"replies":[{"embeddable":true,"href":"https:\/\/www.oroconsulting.it\/fr\/wp-json\/wp\/v2\/comments?post=359"}],"version-history":[{"count":1,"href":"https:\/\/www.oroconsulting.it\/fr\/wp-json\/wp\/v2\/pages\/359\/revisions"}],"predecessor-version":[{"id":361,"href":"https:\/\/www.oroconsulting.it\/fr\/wp-json\/wp\/v2\/pages\/359\/revisions\/361"}],"wp:attachment":[{"href":"https:\/\/www.oroconsulting.it\/fr\/wp-json\/wp\/v2\/media?parent=359"}],"curies":[{"name":"wp","href":"https:\/\/api.w.org\/{rel}","templated":true}]}}