{"id":366,"date":"2020-10-15T08:18:20","date_gmt":"2020-10-15T08:18:20","guid":{"rendered":"http:\/\/www.oroconsulting.it\/chi-siamo\/"},"modified":"2021-02-10T11:51:46","modified_gmt":"2021-02-10T11:51:46","slug":"chi-siamo","status":"publish","type":"page","link":"https:\/\/www.oroconsulting.it\/fr\/chi-siamo\/","title":{"rendered":"OroConsulting: Singularit\u00e9, Professionnalisme Expertise,  Service  Client\u2026"},"content":{"rendered":"\n<p>OroConsulting est n\u00e9e en 2000. Les trente ans d\u2019exp\u00e9rience des fondateurs et leur haut niveau d&rsquo;expertise acquis dans d&rsquo;importantes soci\u00e9t\u00e9s de conseil en informatique et d&rsquo;\u00e9diteurs de logiciels ont g\u00e9n\u00e9r\u00e9 l&rsquo;\u00e9nergie positive pour cr\u00e9er une soci\u00e9t\u00e9 de conseil et de d\u00e9veloppement de logiciel d\u00e9di\u00e9s avec comme une mission premi\u00e8re: <strong>trouver la solution \u00e0 chaque probl\u00e8me de gestion.<\/strong><\/p>\n\n\n\n<p>Nos caract\u00e9ristiques et nos points forts sont notre professionnalisme, notre expertise , la connaissance directe du monde de la mode, et bien plus encore. Ces sp\u00e9cificit\u00e9s sont l&rsquo;esprit qui anime et guide notre soci\u00e9t\u00e9. Elles lui permettent de d\u00e9velopper des applications sur mesures et des solutions adapt\u00e9es \u00e0 tout type de besoin ou de projet. Conseil et assistance en direct, de la conception \u00e0 la mise en \u0153uvre des syst\u00e8mes de gestion, accompagnent le client tout au long du processus de mise en \u0153uvre pour optimiser l&rsquo;exp\u00e9rience et r\u00e9pondre \u00e0 chaque besoin de personnalisation.<\/p>\n\n\n\n<p>Une collaboration \u00e9troite, avec nos principaux clients du secteur de la mode, et avec des soci\u00e9t\u00e9s informatiques leader certifi\u00e9es, ainsi que les investissements en recherche et d\u00e9veloppement ajout\u00e9s \u00e0 la force de nos id\u00e9es ont permis la cr\u00e9ation de produits innovants, uniques et cibl\u00e9s pour r\u00e9pondre au mieux aux changements technologiques rapides et offrir de plus en plus aux clients savoir-faire et solutions efficaces et pr\u00e9cises.<\/p>\n\n\n\n<h3>Nous sommes toujours \u00e0 l&rsquo;\u00e9coute du client et  pr\u00eats  \u00e0 travailler en collaboration pour construire Le chemin vers le succ\u00e8s.<\/h3>\n","protected":false},"excerpt":{"rendered":"<p>OroConsulting est n\u00e9e en 2000. Les trente ans d\u2019exp\u00e9rience des fondateurs et leur haut niveau d&rsquo;expertise acquis dans d&rsquo;importantes soci\u00e9t\u00e9s de conseil en informatique et d&rsquo;\u00e9diteurs de logiciels ont g\u00e9n\u00e9r\u00e9 l&rsquo;\u00e9nergie positive pour cr\u00e9er une soci\u00e9t\u00e9 de conseil et de d\u00e9veloppement de logiciel d\u00e9di\u00e9s avec comme une mission premi\u00e8re: trouver la solution \u00e0 chaque probl\u00e8me [&hellip;]<\/p>\n","protected":false},"author":1,"featured_media":0,"parent":0,"menu_order":0,"comment_status":"closed","ping_status":"closed","template":"template_chi-siamo.php","meta":[],"yoast_head":"<!-- This site is optimized with the Yoast SEO plugin v15.6.2 - https:\/\/yoast.com\/wordpress\/plugins\/seo\/ -->\r\n<meta name=\"robots\" content=\"index, follow, max-snippet:-1, max-image-preview:large, max-video-preview:-1\" \/>\r\n<link rel=\"canonical\" href=\"http:\/\/www.oroconsulting.it\/fr\/chi-siamo\/\" \/>\r\n<meta property=\"og:locale\" content=\"fr_FR\" \/>\r\n<meta property=\"og:type\" content=\"article\" \/>\r\n<meta property=\"og:title\" content=\"OroConsulting - Chi siamo\" \/>\r\n<meta property=\"og:description\" content=\"OroConsulting est n\u00e9e en 2000. Les trente ans d\u2019exp\u00e9rience des fondateurs et leur haut niveau d&rsquo;expertise acquis dans d&rsquo;importantes soci\u00e9t\u00e9s de conseil en informatique et d&rsquo;\u00e9diteurs de logiciels ont g\u00e9n\u00e9r\u00e9 l&rsquo;\u00e9nergie positive pour cr\u00e9er une soci\u00e9t\u00e9 de conseil et de d\u00e9veloppement de logiciel d\u00e9di\u00e9s avec comme une mission premi\u00e8re: trouver la solution \u00e0 chaque probl\u00e8me [&hellip;]\" \/>\r\n<meta property=\"og:url\" content=\"http:\/\/www.oroconsulting.it\/fr\/chi-siamo\/\" \/>\r\n<meta property=\"og:site_name\" content=\"OroConsulting\" \/>\r\n<meta property=\"article:modified_time\" content=\"2021-02-10T11:51:46+00:00\" \/>\r\n<meta name=\"twitter:card\" content=\"summary_large_image\" \/>\r\n<meta name=\"twitter:label1\" content=\"Dur\u00e9e de lecture est.\">\n\t<meta name=\"twitter:data1\" content=\"2 minutes\">\r\n<script type=\"application\/ld+json\" class=\"yoast-schema-graph\">{\"@context\":\"https:\/\/schema.org\",\"@graph\":[{\"@type\":\"WebSite\",\"@id\":\"https:\/\/www.oroconsulting.it\/#website\",\"url\":\"https:\/\/www.oroconsulting.it\/\",\"name\":\"OroConsulting\",\"description\":\"FASHION SOFTWARE\",\"potentialAction\":[{\"@type\":\"SearchAction\",\"target\":\"https:\/\/www.oroconsulting.it\/?s={search_term_string}\",\"query-input\":\"required name=search_term_string\"}],\"inLanguage\":\"fr-FR\"},{\"@type\":\"WebPage\",\"@id\":\"http:\/\/www.oroconsulting.it\/fr\/chi-siamo\/#webpage\",\"url\":\"http:\/\/www.oroconsulting.it\/fr\/chi-siamo\/\",\"name\":\"OroConsulting - Chi siamo\",\"isPartOf\":{\"@id\":\"https:\/\/www.oroconsulting.it\/#website\"},\"datePublished\":\"2020-10-15T08:18:20+00:00\",\"dateModified\":\"2021-02-10T11:51:46+00:00\",\"inLanguage\":\"fr-FR\",\"potentialAction\":[{\"@type\":\"ReadAction\",\"target\":[\"http:\/\/www.oroconsulting.it\/fr\/chi-siamo\/\"]}]}]}<\/script>\r\n<!-- \/ Yoast SEO plugin. -->","_links":{"self":[{"href":"https:\/\/www.oroconsulting.it\/fr\/wp-json\/wp\/v2\/pages\/366"}],"collection":[{"href":"https:\/\/www.oroconsulting.it\/fr\/wp-json\/wp\/v2\/pages"}],"about":[{"href":"https:\/\/www.oroconsulting.it\/fr\/wp-json\/wp\/v2\/types\/page"}],"author":[{"embeddable":true,"href":"https:\/\/www.oroconsulting.it\/fr\/wp-json\/wp\/v2\/users\/1"}],"replies":[{"embeddable":true,"href":"https:\/\/www.oroconsulting.it\/fr\/wp-json\/wp\/v2\/comments?post=366"}],"version-history":[{"count":2,"href":"https:\/\/www.oroconsulting.it\/fr\/wp-json\/wp\/v2\/pages\/366\/revisions"}],"predecessor-version":[{"id":398,"href":"https:\/\/www.oroconsulting.it\/fr\/wp-json\/wp\/v2\/pages\/366\/revisions\/398"}],"wp:attachment":[{"href":"https:\/\/www.oroconsulting.it\/fr\/wp-json\/wp\/v2\/media?parent=366"}],"curies":[{"name":"wp","href":"https:\/\/api.w.org\/{rel}","templated":true}]}}